{"id":9927,"date":"2022-11-16T19:33:18","date_gmt":"2022-11-17T00:33:18","guid":{"rendered":"https:\/\/demo.menerautrement.org\/rapports\/objectif-de-vos-dons\/"},"modified":"2023-01-06T12:29:49","modified_gmt":"2023-01-06T17:29:49","slug":"objectif-de-vos-dons","status":"publish","type":"page","link":"https:\/\/menerautrement.org\/en\/rapports\/objectif-de-vos-dons\/","title":{"rendered":"How donations are used"},"content":{"rendered":"\n<h2 class=\"wp-block-heading\">Your donations help us to &#8230;<\/h2>\n\n<ol class=\"wp-block-list\" type=\"1\" start=\"1\">\n<li>Soutenir la communaut\u00e9 en fournissant une aide aux jeunes 6-16 ans en \u00e9tablissant et en mettant en \u0153uvre des activit\u00e9s de motivation : ateliers de formation, rencontres d\u2019information, de sensibilisation, de promotion de la r\u00e9ussite scolaire et d&#8217;int\u00e9gration sociale \u00e0 leur intention;<\/li>\n\n\n\n<li>Pr\u00e9venir et lutter contre toutes les formes de discriminations en favorisant le multiculturalisme par la promotion de toutes les cultures et leurs expressions pour plus de compr\u00e9hension mutuelle, de solidarit\u00e9, d\u2019amiti\u00e9 et de fraternit\u00e9;<\/li>\n\n\n\n<li>Pr\u00e9venir et lutter contre le d\u00e9crochage scolaire, la d\u00e9linquance et l\u2019adh\u00e9sion aux gangs de rues:\n<ol class=\"wp-block-list\" type=\"a\" start=\"1\">\n<li>En luttant contre la pauvret\u00e9 en proposant des activit\u00e9s gratuites qui faciliteraient l\u2019int\u00e9gration des nouveaux arrivants au Canada;<\/li>\n\n\n\n<li>En offrant des activit\u00e9s d&#8217;aide aux devoirs, ce qui r\u00e9duirait le risque de d\u00e9couragement des jeunes face aux difficult\u00e9s scolaires et ferait un argument de moins des gangs pour recruter les jeunes;<\/li>\n\n\n\n<li>En portant l&#8217;attention des jeunes vers l&#8217;\u00e9cole par des activit\u00e9s sportives<\/li>\n\n\n\n<li>En organisant des discussions et ateliers leur permettant de s&#8217;exprimer sur divers sujets qui les touchent (la violence, les drogues, le \u00ab racisme \u00bb, l\u2019intimidation, etc.)<\/li>\n\n\n\n<li>En accompagnant et en intervenant aupr\u00e8s des parents<\/li>\n\n\n\n<li>En leur donnant un sens d&#8217;appartenance \u00e0 notre Centre plut\u00f4t qu&#8217;aux gangs de rues<\/li>\n<\/ol>\n<\/li>\n\n\n\n<li>Offrir des bourses d&#8217;\u00e9tudes et (ou) des prix d&#8217;excellence ou d&#8217;encouragement pour les jeunes qui excellent dans une discipline scolaire ou qui d\u00e9montrent une am\u00e9lioration consid\u00e9rable dans une discipline scolaire<\/li>\n\n\n\n<li>Recevoir des dons, legs et autres contributions de m\u00eame nature en argent, en valeur mobili\u00e8re ou immobili\u00e8re, administrer de tels dons, legs et contributions<\/li>\n\n\n\n<li>Organiser des campagnes de souscriptions aupr\u00e8s des entreprises priv\u00e9es et des commer\u00e7ants afin de financer les activit\u00e9s propos\u00e9es aux jeunes en difficult\u00e9s scolaires.<\/li>\n<\/ol>\n","protected":false},"excerpt":{"rendered":"<p>Your donations help us to &#8230;<\/p>\n","protected":false},"author":3,"featured_media":0,"parent":9122,"menu_order":0,"comment_status":"closed","ping_status":"closed","template":"","meta":{"inline_featured_image":false,"footnotes":""},"class_list":["post-9927","page","type-page","status-publish","hentry"],"_links":{"self":[{"href":"https:\/\/menerautrement.org\/en\/wp-json\/wp\/v2\/pages\/9927","targetHints":{"allow":["GET"]}}],"collection":[{"href":"https:\/\/menerautrement.org\/en\/wp-json\/wp\/v2\/pages"}],"about":[{"href":"https:\/\/menerautrement.org\/en\/wp-json\/wp\/v2\/types\/page"}],"author":[{"embeddable":true,"href":"https:\/\/menerautrement.org\/en\/wp-json\/wp\/v2\/users\/3"}],"replies":[{"embeddable":true,"href":"https:\/\/menerautrement.org\/en\/wp-json\/wp\/v2\/comments?post=9927"}],"version-history":[{"count":5,"href":"https:\/\/menerautrement.org\/en\/wp-json\/wp\/v2\/pages\/9927\/revisions"}],"predecessor-version":[{"id":10035,"href":"https:\/\/menerautrement.org\/en\/wp-json\/wp\/v2\/pages\/9927\/revisions\/10035"}],"up":[{"embeddable":true,"href":"https:\/\/menerautrement.org\/en\/wp-json\/wp\/v2\/pages\/9122"}],"wp:attachment":[{"href":"https:\/\/menerautrement.org\/en\/wp-json\/wp\/v2\/media?parent=9927"}],"curies":[{"name":"wp","href":"https:\/\/api.w.org\/{rel}","templated":true}]}}